{"id":715,"date":"2015-12-03T02:53:10","date_gmt":"2015-12-03T02:53:10","guid":{"rendered":"http:\/\/dev.joomexp.com\/wordpress\/wp-childcare\/?page_id=715"},"modified":"2021-03-04T16:31:39","modified_gmt":"2021-03-04T15:31:39","slug":"kontakt","status":"publish","type":"page","link":"https:\/\/loczekanimator.pl\/index.php\/kontakt\/","title":{"rendered":"Kontakt"},"content":{"rendered":"<p>[vc_row content_full_width=&#8221;1&#8243;][vc_column css=&#8221;.vc_custom_1449111345316{padding-right: 0px !important;padding-left: 0px !important;}&#8221;][vc_gmaps link=&#8221;#E-8_JTNDaWZyYW1lJTIwc3JjJTNEJTIyaHR0cHMlM0ElMkYlMkZ3d3cuZ29vZ2xlLmNvbSUyRm1hcHMlMkZlbWJlZCUzRnBiJTNEJTIxMW0xOCUyMTFtMTIlMjExbTMlMjExZDEwMDAuNjM1MTcwNjE4MzIxNSUyMTJkMTQuNjU5MzkxMzYzMzAzNzUxJTIxM2Q1My4zODAzOTI2NzY1MDA3OCUyMTJtMyUyMTFmMCUyMTJmMCUyMTNmMCUyMTNtMiUyMTFpMTAyNCUyMTJpNzY4JTIxNGYxMy4xJTIxM20zJTIxMW0yJTIxMXMweDAlMjUzQTB4MTI5NzU0YmVjNzAxZGU4NSUyMTJzTXVzaWMlMkJQbGFuZXQlMjE1ZTAlMjEzbTIlMjExc3BsJTIxMnNwbCUyMTR2MTU1OTIzNDExNzI2MyUyMTVtMiUyMTFzcGwlMjEyc3BsJTIyJTIwd2lkdGglM0QlMjIxOTIwJTIyJTIwaGVpZ2h0JTNEJTIyNjAwJTIyJTIwZnJhbWVib3JkZXIlM0QlMjIwJTIyJTIwc3R5bGUlM0QlMjJib3JkZXIlM0EwJTIyJTIwYWxsb3dmdWxsc2NyZWVuJTNFJTNDJTJGaWZyYW1lJTNF&#8221;][\/vc_column][\/vc_row][vc_row css=&#8221;.vc_custom_1450233166187{padding-top: 112px !important;padding-bottom: 120px !important;}&#8221;][vc_column width=&#8221;7\/12&#8243;][vc_custom_heading text=&#8221;FORMULARZ KONTAKTOWY&#8221; font_container=&#8221;tag:h3|text_align:left&#8221; google_fonts=&#8221;font_family:Mouse%20Memoirs%3Aregular%2Citalic%2C700%2C700italic|font_style:400%20regular%3A400%3Anormal&#8221;]<div role=\"form\" class=\"wpcf7\" id=\"wpcf7-f731-o1\" lang=\"en-US\" dir=\"ltr\">\n<div class=\"screen-reader-response\"><p role=\"status\" aria-live=\"polite\" aria-atomic=\"true\"><\/p> <ul><\/ul><\/div>\n<form action=\"\/index.php\/wp-json\/wp\/v2\/pages\/715#wpcf7-f731-o1\" method=\"post\" class=\"wpcf7-form init\" novalidate=\"novalidate\" data-status=\"init\">\n<div style=\"display: none;\">\n<input type=\"hidden\" name=\"_wpcf7\" value=\"731\" \/>\n<input type=\"hidden\" name=\"_wpcf7_version\" value=\"5.4\" \/>\n<input type=\"hidden\" name=\"_wpcf7_locale\" value=\"en_US\" \/>\n<input type=\"hidden\" name=\"_wpcf7_unit_tag\" value=\"wpcf7-f731-o1\" \/>\n<input type=\"hidden\" name=\"_wpcf7_container_post\" value=\"0\" \/>\n<input type=\"hidden\" name=\"_wpcf7_posted_data_hash\" value=\"\" \/>\n<\/div>\n<div class=\"contact-form contact-form-3\">\n<p><i class=\"rt-icon-user3\"><\/i><span class=\"wpcf7-form-control-wrap your-name\"><input type=\"text\" name=\"your-name\" value=\"\" size=\"40\" class=\"wpcf7-form-control wpcf7-text wpcf7-validates-as-required\" aria-required=\"true\" aria-invalid=\"false\" placeholder=\"Imie i Nazwisko\" \/><\/span><\/p>\n<p><i class=\"rt-icon-phone2\"><\/i><span class=\"wpcf7-form-control-wrap your-tel\"><input type=\"tel\" name=\"your-tel\" value=\"\" size=\"40\" class=\"wpcf7-form-control wpcf7-text wpcf7-tel wpcf7-validates-as-required wpcf7-validates-as-tel\" aria-required=\"true\" aria-invalid=\"false\" placeholder=\"Numer Telefonu\" \/><\/span><\/p>\n<p><i class=\"icon-mail\"><\/i><span class=\"wpcf7-form-control-wrap your-mail\"><input type=\"email\" name=\"your-mail\" value=\"\" size=\"40\" class=\"wpcf7-form-control wpcf7-text wpcf7-email wpcf7-validates-as-required wpcf7-validates-as-email\" aria-required=\"true\" aria-invalid=\"false\" placeholder=\"Adres Email\" \/><\/span><\/p>\n<p><i class=\"icon-star\"><\/i><span class=\"wpcf7-form-control-wrap your-subject\"><input type=\"text\" name=\"your-subject\" value=\"\" size=\"40\" class=\"wpcf7-form-control wpcf7-text\" aria-invalid=\"false\" placeholder=\"Temat\" \/><\/span><\/p>\n<p><i class=\"rt-icon-pen2\"><\/i><span class=\"wpcf7-form-control-wrap your-message\"><textarea name=\"your-message\" cols=\"40\" rows=\"10\" class=\"wpcf7-form-control wpcf7-textarea\" aria-invalid=\"false\" placeholder=\"Wiadomo\u015b\u0107\"><\/textarea><\/span><\/p>\n<p class=\"submit\"><input type=\"submit\" value=\"Wy\u015blij Wiadomo\u015b\u0107\" class=\"wpcf7-form-control wpcf7-submit\" \/><\/p>\n<\/div>\n<div class=\"wpcf7-response-output\" aria-hidden=\"true\"><\/div><\/form><\/div>[\/vc_column][vc_column width=&#8221;5\/12&#8243; offset=&#8221;vc_col-lg-offset-1 vc_col-lg-4&#8243; el_class=&#8221;margin-t-40&#8243;][vc_custom_heading text=&#8221;CONTACT INFO&#8221; font_container=&#8221;tag:h3|text_align:left&#8221; google_fonts=&#8221;font_family:Mouse%20Memoirs%3Aregular%2Citalic%2C700%2C700italic|font_style:400%20regular%3A400%3Anormal&#8221;][vc_empty_space height=&#8221;54px&#8221;][cms_fancybox_single icon_type=&#8221;linecons&#8221; icon_linecons=&#8221;vc_li vc_li-location&#8221; title_item=&#8221;Adres:&#8221; icon_color=&#8221;#ed2526&#8243; description_item=&#8221;ul. Grabowa, nr 1, lok. 11, 70-761 Szczecin; NIP: 556-25-55-993&#8243; cms_template=&#8221;cms_fancybox_single&#8211;layout2.php&#8221;][cms_fancybox_single icon_type=&#8221;rticon&#8221; icon_rticon=&#8221;rt-icon-phone2&#8243; title_item=&#8221;Telefon:&#8221; icon_color=&#8221;#ed2526&#8243; cms_template=&#8221;cms_fancybox_single&#8211;layout2.php&#8221; description_item=&#8221;+48 607 039 306&#8243;][cms_fancybox_single icon_type=&#8221;linecons&#8221; icon_linecons=&#8221;vc_li vc_li-mail&#8221; title_item=&#8221;Email:&#8221; icon_color=&#8221;#ed2526&#8243; description_item=&#8221;loczek@loczekanimator.pl&#8221; cms_template=&#8221;cms_fancybox_single&#8211;layout2.php&#8221;][\/vc_column][\/vc_row][vc_row][vc_column][vc_raw_html]JTNDYSUyMGhyZWYlM0QlMjJodHRwcyUzQSUyRiUyRnd3dy53ZXNlbGV6a2xhc2EucGwlMkZvZ2xvc3plbmlhLXdlc2VsbmUlMkZkam11enlrLWxva3VzLXRvbWFzei1tYXpld3NraSUyQzIzODU2JTJGJTIyJTIwdGFyZ2V0JTNEJTIyX2JsYW5rJTIyJTIwdGl0bGUlM0QlMjJkaiUyRm11enlrJTIwTG9rdXMlMjAtJTIwVG9tYXN6JTIwTWElQzUlQkNld3NraSUyMiUzRSUzQ2ltZyUyMHNyYyUzRCUyMmh0dHBzJTNBJTJGJTJGd3d3Lndlc2VsZXprbGFzYS5wbCUyRmJhbmVyeSUyRldlc2VsZXprbGFzYSUyRm9nbG9zemVuaWU5NzB4OTBfMS5naWYlMjIlMjBhbHQlM0QlMjJkaiUyRm11enlrJTIwTG9rdXMlMjAtJTIwVG9tYXN6JTIwTWElQzUlQkNld3NraSUyMiUyMGJvcmRlciUzRCUyMjAlMjIlMjAlMkYlM0UlM0MlMkZhJTNF[\/vc_raw_html][\/vc_column][\/vc_row]<\/p>\n","protected":false},"excerpt":{"rendered":"<p>[vc_row content_full_width=&#8221;1&#8243;][vc_column css=&#8221;.vc_custom_1449111345316{padding-right: 0px !important;padding-left: 0px !important;}&#8221;][vc_gmaps link=&#8221;#E-8_JTNDaWZyYW1lJTIwc3JjJTNEJTIyaHR0cHMlM0ElMkYlMkZ3d3cuZ29vZ2xlLmNvbSUyRm1hcHMlMkZlbWJlZCUzRnBiJTNEJTIxMW0xOCUyMTFtMTIlMjExbTMlMjExZDEwMDAuNjM1MTcwNjE4MzIxNSUyMTJkMTQuNjU5MzkxMzYzMzAzNzUxJTIxM2Q1My4zODAzOTI2NzY1MDA3OCUyMTJtMyUyMTFmMCUyMTJmMCUyMTNmMCUyMTNtMiUyMTFpMTAyNCUyMTJpNzY4JTIxNGYxMy4xJTIxM20zJTIxMW0yJTIxMXMweDAlMjUzQTB4MTI5NzU0YmVjNzAxZGU4NSUyMTJzTXVzaWMlMkJQbGFuZXQlMjE1ZTAlMjEzbTIlMjExc3BsJTIxMnNwbCUyMTR2MTU1OTIzNDExNzI2MyUyMTVtMiUyMTFzcGwlMjEyc3BsJTIyJTIwd2lkdGglM0QlMjIxOTIwJTIyJTIwaGVpZ2h0JTNEJTIyNjAwJTIyJTIwZnJhbWVib3JkZXIlM0QlMjIwJTIyJTIwc3R5bGUlM0QlMjJib3JkZXIlM0EwJTIyJTIwYWxsb3dmdWxsc2NyZWVuJTNFJTNDJTJGaWZyYW1lJTNF&#8221;][\/vc_column][\/vc_row][vc_row css=&#8221;.vc_custom_1450233166187{padding-top: 112px !important;padding-bottom: 120px !important;}&#8221;][vc_column width=&#8221;7\/12&#8243;][vc_custom_heading text=&#8221;FORMULARZ KONTAKTOWY&#8221; font_container=&#8221;tag:h3|text_align:left&#8221; google_fonts=&#8221;font_family:Mouse%20Memoirs%3Aregular%2Citalic%2C700%2C700italic|font_style:400%20regular%3A400%3Anormal&#8221;][\/vc_column][vc_column width=&#8221;5\/12&#8243; offset=&#8221;vc_col-lg-offset-1 vc_col-lg-4&#8243; el_class=&#8221;margin-t-40&#8243;][vc_custom_heading text=&#8221;CONTACT INFO&#8221; font_container=&#8221;tag:h3|text_align:left&#8221; google_fonts=&#8221;font_family:Mouse%20Memoirs%3Aregular%2Citalic%2C700%2C700italic|font_style:400%20regular%3A400%3Anormal&#8221;][vc_empty_space height=&#8221;54px&#8221;][cms_fancybox_single icon_type=&#8221;linecons&#8221; icon_linecons=&#8221;vc_li vc_li-location&#8221; title_item=&#8221;Adres:&#8221; icon_color=&#8221;#ed2526&#8243; description_item=&#8221;ul. Grabowa, nr 1, lok. 11, 70-761 Szczecin; NIP: 556-25-55-993&#8243; cms_template=&#8221;cms_fancybox_single&#8211;layout2.php&#8221;][cms_fancybox_single icon_type=&#8221;rticon&#8221; icon_rticon=&#8221;rt-icon-phone2&#8243; title_item=&#8221;Telefon:&#8221; icon_color=&#8221;#ed2526&#8243; cms_template=&#8221;cms_fancybox_single&#8211;layout2.php&#8221; description_item=&#8221;+48 607 039 306&#8243;][cms_fancybox_single icon_type=&#8221;linecons&#8221; icon_linecons=&#8221;vc_li vc_li-mail&#8221; [&hellip;]<\/p>\n","protected":false},"author":1,"featured_media":0,"parent":0,"menu_order":0,"comment_status":"closed","ping_status":"closed","template":"","meta":[],"_links":{"self":[{"href":"https:\/\/loczekanimator.pl\/index.php\/wp-json\/wp\/v2\/pages\/715"}],"collection":[{"href":"https:\/\/loczekanimator.pl\/index.php\/wp-json\/wp\/v2\/pages"}],"about":[{"href":"https:\/\/loczekanimator.pl\/index.php\/wp-json\/wp\/v2\/types\/page"}],"author":[{"embeddable":true,"href":"https:\/\/loczekanimator.pl\/index.php\/wp-json\/wp\/v2\/users\/1"}],"replies":[{"embeddable":true,"href":"https:\/\/loczekanimator.pl\/index.php\/wp-json\/wp\/v2\/comments?post=715"}],"version-history":[{"count":11,"href":"https:\/\/loczekanimator.pl\/index.php\/wp-json\/wp\/v2\/pages\/715\/revisions"}],"predecessor-version":[{"id":1566,"href":"https:\/\/loczekanimator.pl\/index.php\/wp-json\/wp\/v2\/pages\/715\/revisions\/1566"}],"wp:attachment":[{"href":"https:\/\/loczekanimator.pl\/index.php\/wp-json\/wp\/v2\/media?parent=715"}],"curies":[{"name":"wp","href":"https:\/\/api.w.org\/{rel}","templated":true}]}}